{"id":90,"date":"2025-03-26T12:12:29","date_gmt":"2025-03-26T12:12:29","guid":{"rendered":"https:\/\/accademiaitalianadellacucina.ro\/it\/?page_id=90"},"modified":"2025-04-29T10:50:04","modified_gmt":"2025-04-29T10:50:04","slug":"structura-academiei","status":"publish","type":"page","link":"https:\/\/accademiaitalianadellacucina.ro\/it\/structura-academiei\/","title":{"rendered":"Struttura"},"content":{"rendered":"<h1 class=\"entry-title\">Struttura dell\u2019Accademia<\/h1>\n<p><strong>L&#8217;Accademia Italiana della Cucina<\/strong> \u00e8 un&#8217;associazione culturale privata, riconosciuta come ente giuridico che svolge attivit\u00e0 di interesse pubblico. \u00c8 un&#8217;organizzazione senza scopo di lucro e apolitica, che rispetta il principio democratico dell&#8217;ammissione senza discriminazioni di genere, lingua, religione, opinioni politiche o condizioni sociali e personali. L&#8217;Accademia persegue esclusivamente obiettivi di utilit\u00e0 pubblica attraverso le attivit\u00e0 non profit dei suoi organi direttivi centrali e territoriali, nonch\u00e9 dei suoi membri, sia in Italia che all&#8217;estero.<\/p>\n<p><strong>Gli organi centrali dell\u2019Accademia sono:<\/strong><\/p>\n<ul class=\"bull\">\n<li>Assemblea Generale dei Delegati\u200b<\/li>\n<li>Consiglio Accademico Consultivo (composto da 30 membri)\u200b\u200b<\/li>\n<li>Consiglio del Presidente (composto da 9 membri)\u200b\u200b<\/li>\n<li>Il Presidente<\/li>\n<li>I Vicepresidenti<\/li>\n<li>Il Segretario Generale<\/li>\n<li>Il Tesoriere\u200b\u200b<\/li>\n<li>La Commissione di Arbitrato (composta da 3 membri e 2 supplenti)<\/li>\n<li>L\u2019Organismo di Vigilanza (composto da 3 membri e 2 supplenti)\u200b<\/li>\n<\/ul>\n<p><strong>Gli organi territoriali dell\u2019Accademia sono:<\/strong><\/p>\n<ul class=\"bull\">\n<li>La Delegazione<\/li>\n<li>Il Delegato<\/li>\n<li>Il Consiglio Consultivo della Delegazione\u200b<\/li>\n<li>I Coordinatori Regionali in Italia\u200b<\/li>\n<\/ul>\n<p>Queste strutture territoriali facilitano l&#8217;attuazione degli obiettivi dell&#8217;Accademia a livello locale e regionale.<\/p>\n<p><img decoding=\"async\" src=\"https:\/\/accademiaitalianadellacucina.ro\/it\/wp-content\/uploads\/2025\/03\/structura-img.png\" class=\"aligncenter\"><\/p>\n<h1 class=\"entry-title\">Le Delegazioni<\/h1>\n<p>Le Delegazioni rappresentano i pilastri principali attraverso cui l&#8217;Accademia svolge le proprie attivit\u00e0. Attualmente vi sono 225 Delegazioni e 3 Legazioni in Italia, nonch\u00e9 69 Delegazioni e 21 Legazioni all&#8217;estero, per un totale di oltre 7.500 membri. Queste Delegazioni e Legazioni organizzano numerose iniziative volte a proteggere e promuovere la cucina italiana.<\/p>\n<h1 class=\"entry-title\">Il Delegato<\/h1>\n<p>Il Delegato \u00e8 l&#8217;accademico scelto dal Consiglio del Presidente per dirigere una Delegazione in una determinata area. \u00c8 responsabile della rappresentanza e del coordinamento delle attivit\u00e0 della sua Delegazione e propone nuovi accademici al Presidente. Inoltre, mantiene stretti rapporti con le autorit\u00e0 pubbliche locali e i media, organizzando eventi come congressi e tavole rotonde per promuovere i valori dell&#8217;Accademia. <\/p>\n<h1 class=\"entry-title\">Il Coordinatore Regionale<\/h1>\n<p>Il Coordinatore Regionale ha il compito di coordinare le attivit\u00e0 delle Delegazioni della propria regione. Agisce come intermediario tra l&#8217;Accademia centrale e le autorit\u00e0 regionali, costituendo un punto di riferimento per la comunicazione e le relazioni pubbliche. Il Coordinatore organizza eventi e dibattiti per sensibilizzare il pubblico sui valori e le tradizioni gastronomiche italiane.<\/p>\n<p>Tutte le cariche degli organi direttivi dell&#8217;Accademia, sia elettive che nominate, hanno una durata di tre anni dalla data dell&#8217;Assemblea Ordinaria dei Delegati. I funzionari possono essere rieletti e riconfermati.<\/p>\n<p>Attraverso questa struttura ben definita, l&#8217;Accademia Italiana della Cucina garantisce un coordinamento efficace e una rappresentanza adeguata sia a livello centrale che a livello locale e internazionale, al fine di promuovere e proteggere il patrimonio culinario italiano.<\/p>\n","protected":false},"excerpt":{"rendered":"<p>Struttura dell\u2019Accademia L&#8217;Accademia Italiana della Cucina \u00e8 un&#8217;associazione culturale privata, riconosciuta come ente giuridico che svolge attivit\u00e0 di interesse pubblico. \u00c8 un&#8217;organizzazione senza scopo di lucro e apolitica, che rispetta il principio democratico dell&#8217;ammissione senza discriminazioni di genere, lingua, religione, opinioni politiche o condizioni sociali e personali. L&#8217;Accademia persegue esclusivamente obiettivi di utilit\u00e0 pubblica attraverso [&hellip;]<\/p>\n","protected":false},"author":1,"featured_media":0,"parent":0,"menu_order":0,"comment_status":"closed","ping_status":"closed","template":"","meta":{"footnotes":""},"class_list":["post-90","page","type-page","status-publish","hentry"],"_links":{"self":[{"href":"https:\/\/accademiaitalianadellacucina.ro\/it\/wp-json\/wp\/v2\/pages\/90","targetHints":{"allow":["GET"]}}],"collection":[{"href":"https:\/\/accademiaitalianadellacucina.ro\/it\/wp-json\/wp\/v2\/pages"}],"about":[{"href":"https:\/\/accademiaitalianadellacucina.ro\/it\/wp-json\/wp\/v2\/types\/page"}],"author":[{"embeddable":true,"href":"https:\/\/accademiaitalianadellacucina.ro\/it\/wp-json\/wp\/v2\/users\/1"}],"replies":[{"embeddable":true,"href":"https:\/\/accademiaitalianadellacucina.ro\/it\/wp-json\/wp\/v2\/comments?post=90"}],"version-history":[{"count":10,"href":"https:\/\/accademiaitalianadellacucina.ro\/it\/wp-json\/wp\/v2\/pages\/90\/revisions"}],"predecessor-version":[{"id":377,"href":"https:\/\/accademiaitalianadellacucina.ro\/it\/wp-json\/wp\/v2\/pages\/90\/revisions\/377"}],"wp:attachment":[{"href":"https:\/\/accademiaitalianadellacucina.ro\/it\/wp-json\/wp\/v2\/media?parent=90"}],"curies":[{"name":"wp","href":"https:\/\/api.w.org\/{rel}","templated":true}]}}